{"id":39,"date":"2025-10-07T22:18:37","date_gmt":"2025-10-07T22:18:37","guid":{"rendered":"https:\/\/www.bridgetobuildb2b.com\/home\/"},"modified":"2025-10-10T14:32:56","modified_gmt":"2025-10-10T14:32:56","slug":"home","status":"publish","type":"page","link":"https:\/\/www.bridgetobuildb2b.com\/en\/","title":{"rendered":"Home"},"content":{"rendered":"Delays in resolving technical issues and social media integration problems affect user experience and satisfaction.\n\n\n\n<span style=\"line-height:1.5;\">User growth is quickly outpacing current support capacity.<\/span>\n<div><span style=\"line-height:1.5;\"><br><\/span><\/div>\n\n\n\n<span style=\"line-height:1.5;\">There is no clear traceability of issues or their resolution, making it difficult to improve processes and measure performance.<\/span>\n\n\n\n\n\n\n<p>Lorem Ipsum has been the industry&#8217;s standard dummy text ever since the 1500s.<\/p>\n\n\n\n\n<h3>Why are we the best choice?<\/h3>\n\n\n<p>We work with global leaders. We have the most skilled staff and offer the best prices in the market. We\u2019re ready to get started.<\/p>\n\n\nEs la tabacalera n\u00famero 1 en el mundo. Logramos reducir sus escalaciones en servicio al cliente de 3000 a 500 por semana, lo que representa una disminuci\u00f3n del 75%.\n\n\nLa marca de c\u00e1maras de seguridad n\u00famero uno a nivel mundial. Implementamos un sistema KANBAN y un DASHBOARD que nos permiti\u00f3 mejorar el seguimiento de las escalaciones pendientes. En un mes, pasamos de 7500 escalaciones retrasadas a 1200 por d\u00eda.\n\n\nNuestro equipo est\u00e1 conformado por expertos apasionados que combinan conocimiento, innovaci\u00f3n y compromiso. Cada miembro aporta una visi\u00f3n estrat\u00e9gica y humana para ofrecer soluciones efectivas, impulsadas por tecnolog\u00eda y orientadas a resultados reales.\n\n\n\n\n\n\n<h3>AI-Driven Innovation:<br><\/h3>\n\n<p>Our advanced AI integration transforms traditional customer support into an intelligent, efficient solution that anticipates needs, delivers exceptional results, and shortens agent response times.<\/p>\n<p style=\"text-align: center;\"><strong>\u201cArtificial intelligence will not replace humans, but it will empower those who know how to use it.\u201d&nbsp;<\/strong><\/p>\n\n\n\n<p>Lorem Ipsum has been the industry&#8217;s standard dummy text ever since the 1500s.<\/p>\n\n\n\n\n\n<h6 style=\"color: rgb(255, 255, 255);\">Our Projects<\/h6>\n\n<h3>Redefining the Customer Experience<\/h3>\n\n\n<p class=\"translation-block\">Artificial intelligence not only optimizes processes \u2014 it <strong>enhances human connection<\/strong>.<br>Our technology analyzes emotions, behaviors, and interaction patterns in real time, empowering agents with predictive and reliable insights.<br>The result: <strong>faster responses, smarter decisions, and experiences that build trust.<\/strong><\/p>\n\n\n\n\n\n\n\n\n\n\n\n\n\n\n\n\n\n\n\n\n\n\n<h6 style=\"color: rgb(0, 71, 178);\">Human + Tech = Excellence<\/h6>\n<h3>Where brain science drives the customer experience.<\/h3>\n<p class=\"translation-block\">Our selection process is based on <strong data-start=\"839\" data-end=\"858\">Natural Talent<\/strong>, a neuropsychological model that identifies how each agent thinks, communicates, and solves problems. The result: <strong data-start=\"962\" data-end=\"1029\">more human, productive, and emotionally intelligent teams.<\/strong><\/p>\n<p style=\"text-align: center;\"><strong><span style=\"color: rgb(0, 0, 0); background-color: rgb(0, 0, 0);\"><\/span>\u201cThe true Natural Talent is not taught \u2014 it is revealed, empowered, and aligned with purpose.\u201d \u2014 Dr. Natalia Contreras Pinz\u00f3n<\/strong><\/p>\n\n\n\n\n<strong data-start=\"0\" data-end=\"71\" data-is-only-node=\"\">Logic, analysis, and precision: where reason drives every decision.<\/strong>\n\n\nCreatividad, visi\u00f3n y estrategia: donde nacen las ideas innovadoras.\n\n\n\n\nOrden, m\u00e9todo y estructura: la base que sostiene la excelencia.\n\n\nEmpat\u00eda, conexi\u00f3n y armon\u00eda: el coraz\u00f3n del trabajo en equipo.\n\n\n\n\n\n\n<h3>We don\u2019t compromise on excellence <\/h3>\n<h3>in our BPO solutions.<\/h3>\n<!-- {\"attr\":{\"hindent\":10,\"ele_padding\":{\"0\":\"10px\",\"1\":\"0px\",\"2\":\"0px\",\"3\":\"0px\"},\"align\":\"center\",\"group_layout\":\"horizontal\",\"vindent\":3,\"ele_bg_gradient\":\"150,#44d3f6,23,#72e584,45,#2ca4eb,100\",\"ele_bg_hover_delay\":400,\"ele_bg_gradient_hover\":\"150,#44d3f6,25,#72e584,75,#2ca4eb,100\",\"border_width\":\"1px,1px,1px,1px\",\"border_color\":\"#CCC\",\"ele_align\":\"margin\",\"ele_height\":\"auto\",\"animation_delay\":600,\"ele_sticky_on\":\"desktop,tablet,mobile\",\"ele_v_sc_direction\":\"opposite\",\"ele_v_sc_speed\":5,\"ele_v_sc_top_viewport\":100,\"ele_v_sc_bottom_viewport\":100,\"ele_h_sc_direction\":\"toleft\",\"ele_h_sc_speed\":5,\"ele_h_sc_left_viewport\":100,\"ele_h_sc_right_viewport\":100,\"ele_transp_type\":\"fadein\",\"ele_transp_level\":5,\"ele_transp_top_viewport\":100,\"ele_transp_bottom_viewport\":100,\"ele_blur_type\":\"blurin\",\"ele_blur_level\":5,\"ele_blur_top_viewport\":100,\"ele_blur_bottom_viewport\":100,\"ele_rot_direction\":\"clockwise\",\"ele_rot_speed\":5,\"ele_rot_top_viewport\":100,\"ele_rot_bottom_viewport\":100,\"ele_rot_x_anc_point\":\"center\",\"ele_rot_y_anc_point\":\"center\",\"ele_scl_direction\":\"scaleup\",\"ele_scl_level\":5,\"ele_scl_top_viewport\":100,\"ele_scl_bottom_viewport\":100,\"ele_scl_x_anc_point\":\"center\",\"ele_scl_y_anc_point\":\"center\",\"motion_area\":\"viewport\",\"ele_motion_effect_on\":\"desktop,tablet,mobile\",\"ele_m_tr_direction\":\"opposite\",\"ele_m_tr_level\":5,\"ele_3d_tilt_direction\":\"opposite\",\"ele_3d_tilt_level\":5},\"tmp\":{}} -->\n<style pagelayer-style-id=\"txx8715\">.p-txx8715{text-align: center;padding-top: 10px; padding-right: 0px; padding-bottom: 0px; padding-left: 0px}\n.p-txx8715 .pagelayer-btn{text-align: center;padding-left: 10px; padding-right: 10px}\n.p-txx8715 > div{display: inline-block}\n<\/style><!--{\"attr\":{\"hindent\":10,\"ele_padding\":{\"0\":\"10px\",\"1\":\"0px\",\"2\":\"0px\",\"3\":\"0px\"},\"align\":\"center\",\"group_layout\":\"horizontal\",\"vindent\":3,\"ele_bg_gradient\":\"150,#44d3f6,23,#72e584,45,#2ca4eb,100\",\"ele_bg_hover_delay\":400,\"ele_bg_gradient_hover\":\"150,#44d3f6,25,#72e584,75,#2ca4eb,100\",\"border_width\":\"1px,1px,1px,1px\",\"border_color\":\"#CCC\",\"ele_align\":\"margin\",\"ele_height\":\"auto\",\"animation_delay\":600,\"ele_sticky_on\":\"desktop,tablet,mobile\",\"ele_v_sc_direction\":\"opposite\",\"ele_v_sc_speed\":5,\"ele_v_sc_top_viewport\":100,\"ele_v_sc_bottom_viewport\":100,\"ele_h_sc_direction\":\"toleft\",\"ele_h_sc_speed\":5,\"ele_h_sc_left_viewport\":100,\"ele_h_sc_right_viewport\":100,\"ele_transp_type\":\"fadein\",\"ele_transp_level\":5,\"ele_transp_top_viewport\":100,\"ele_transp_bottom_viewport\":100,\"ele_blur_type\":\"blurin\",\"ele_blur_level\":5,\"ele_blur_top_viewport\":100,\"ele_blur_bottom_viewport\":100,\"ele_rot_direction\":\"clockwise\",\"ele_rot_speed\":5,\"ele_rot_top_viewport\":100,\"ele_rot_bottom_viewport\":100,\"ele_rot_x_anc_point\":\"center\",\"ele_rot_y_anc_point\":\"center\",\"ele_scl_direction\":\"scaleup\",\"ele_scl_level\":5,\"ele_scl_top_viewport\":100,\"ele_scl_bottom_viewport\":100,\"ele_scl_x_anc_point\":\"center\",\"ele_scl_y_anc_point\":\"center\",\"motion_area\":\"viewport\",\"ele_motion_effect_on\":\"desktop,tablet,mobile\",\"ele_m_tr_direction\":\"opposite\",\"ele_m_tr_level\":5,\"ele_3d_tilt_direction\":\"opposite\",\"ele_3d_tilt_level\":5},\"tmp\":{}}-->\n<style pagelayer-style-id=\"txx8715\">.p-txx8715{text-align: center}\n.p-txx8715 .pagelayer-btn{text-align: center}\n.p-txx8715 > div{display: inline-block;}\n.p-txx8715 .pagelayer-btn{padding-left: 10px; padding-right: 10px;}\n.p-txx8715{padding-top: 10px; padding-right: 0px; padding-bottom: 0px; padding-left: 0px}<\/style>\n\n\n\n\n\n\n<p><\/p>","protected":false},"excerpt":{"rendered":"","protected":false},"author":1,"featured_media":0,"parent":0,"menu_order":0,"comment_status":"closed","ping_status":"closed","template":"","meta":{"pagelayer_contact_templates":[],"_pagelayer_content":"","footnotes":""},"class_list":["post-39","page","type-page","status-publish","hentry"],"_links":{"self":[{"href":"https:\/\/www.bridgetobuildb2b.com\/en\/wp-json\/wp\/v2\/pages\/39","targetHints":{"allow":["GET"]}}],"collection":[{"href":"https:\/\/www.bridgetobuildb2b.com\/en\/wp-json\/wp\/v2\/pages"}],"about":[{"href":"https:\/\/www.bridgetobuildb2b.com\/en\/wp-json\/wp\/v2\/types\/page"}],"author":[{"embeddable":true,"href":"https:\/\/www.bridgetobuildb2b.com\/en\/wp-json\/wp\/v2\/users\/1"}],"replies":[{"embeddable":true,"href":"https:\/\/www.bridgetobuildb2b.com\/en\/wp-json\/wp\/v2\/comments?post=39"}],"version-history":[{"count":23,"href":"https:\/\/www.bridgetobuildb2b.com\/en\/wp-json\/wp\/v2\/pages\/39\/revisions"}],"predecessor-version":[{"id":121,"href":"https:\/\/www.bridgetobuildb2b.com\/en\/wp-json\/wp\/v2\/pages\/39\/revisions\/121"}],"wp:attachment":[{"href":"https:\/\/www.bridgetobuildb2b.com\/en\/wp-json\/wp\/v2\/media?parent=39"}],"curies":[{"name":"wp","href":"https:\/\/api.w.org\/{rel}","templated":true}]}}